{"id":14,"date":"2020-11-25T16:11:36","date_gmt":"2020-11-25T15:11:36","guid":{"rendered":"http:\/\/www.isabelleroyer.fr\/?page_id=14"},"modified":"2025-11-25T13:40:23","modified_gmt":"2025-11-25T12:40:23","slug":"identites-visuelles","status":"publish","type":"page","link":"https:\/\/www.isabelleroyer.fr\/index.php\/identites-visuelles\/","title":{"rendered":"Identit\u00e9s visuelles"},"content":{"rendered":"<p>[et_pb_section fb_built=\u00a0\u00bb1&Prime; _builder_version=\u00a0\u00bb4.27.4&Prime; _module_preset=\u00a0\u00bbdefault\u00a0\u00bb background_image=\u00a0\u00bbhttps:\/\/www.isabelleroyer.fr\/wp-content\/uploads\/2025\/11\/Fond-IdVisuelles.png\u00a0\u00bb background_size=\u00a0\u00bbinitial\u00a0\u00bb background_position=\u00a0\u00bbbottom_left\u00a0\u00bb custom_margin=\u00a0\u00bb||||false|false\u00a0\u00bb custom_padding=\u00a0\u00bb||||false|false\u00a0\u00bb background_last_edited=\u00a0\u00bbon|phone\u00a0\u00bb background_enable_color_phone=\u00a0\u00bboff\u00a0\u00bb background_image_phone=\u00a0\u00bbhttps:\/\/www.isabelleroyer.fr\/wp-content\/uploads\/2025\/11\/Fond-IdVisuelles.png\u00a0\u00bb background_enable_image_phone=\u00a0\u00bbon\u00a0\u00bb background_size_tablet=\u00a0\u00bbcontain\u00a0\u00bb background_size_phone=\u00a0\u00bbcustom\u00a0\u00bb background_image_height_phone=\u00a0\u00bb20%\u00a0\u00bb background_position_phone=\u00a0\u00bbbottom_left\u00a0\u00bb background_vertical_offset_phone=\u00a0\u00bb0%\u00a0\u00bb background_blend_phone=\u00a0\u00bbnormal\u00a0\u00bb global_colors_info=\u00a0\u00bb{}\u00a0\u00bb title_text_phone=\u00a0\u00bbMotif accueil total\u00a0\u00bb][et_pb_row column_structure=\u00a0\u00bb1_4,3_4&Prime; use_custom_gutter=\u00a0\u00bbon\u00a0\u00bb gutter_width=\u00a0\u00bb1&Prime; _builder_version=\u00a0\u00bb4.16&Prime; _module_preset=\u00a0\u00bbdefault\u00a0\u00bb custom_margin=\u00a0\u00bb20px||20px|100px|true|false\u00a0\u00bb custom_margin_tablet=\u00a0\u00bb0px||0px||true|false\u00a0\u00bb custom_margin_phone=\u00a0\u00bb\u00a0\u00bb custom_margin_last_edited=\u00a0\u00bbon|phone\u00a0\u00bb global_colors_info=\u00a0\u00bb{}\u00a0\u00bb][et_pb_column type=\u00a0\u00bb1_4&Prime; _builder_version=\u00a0\u00bb4.16&Prime; _module_preset=\u00a0\u00bbdefault\u00a0\u00bb global_colors_info=\u00a0\u00bb{}\u00a0\u00bb][et_pb_image src=\u00a0\u00bbhttps:\/\/www.isabelleroyer.fr\/wp-content\/uploads\/2025\/11\/03_Les-roses-01.png\u00a0\u00bb title_text=\u00a0\u00bb03_Les roses-01&Prime; _builder_version=\u00a0\u00bb4.27.4&Prime; _module_preset=\u00a0\u00bbdefault\u00a0\u00bb width=\u00a0\u00bb40%\u00a0\u00bb width_tablet=\u00a0\u00bb20%\u00a0\u00bb width_phone=\u00a0\u00bb30%\u00a0\u00bb width_last_edited=\u00a0\u00bbon|phone\u00a0\u00bb module_alignment=\u00a0\u00bbcenter\u00a0\u00bb custom_margin=\u00a0\u00bb|-32px||||\u00a0\u00bb module_alignment_tablet=\u00a0\u00bbleft\u00a0\u00bb module_alignment_phone=\u00a0\u00bb\u00a0\u00bb module_alignment_last_edited=\u00a0\u00bbon|phone\u00a0\u00bb global_colors_info=\u00a0\u00bb{}\u00a0\u00bb][\/et_pb_image][\/et_pb_column][et_pb_column type=\u00a0\u00bb3_4&Prime; _builder_version=\u00a0\u00bb4.16&Prime; _module_preset=\u00a0\u00bbdefault\u00a0\u00bb global_colors_info=\u00a0\u00bb{}\u00a0\u00bb][et_pb_text _builder_version=\u00a0\u00bb4.27.4&Prime; _module_preset=\u00a0\u00bbdefault\u00a0\u00bb text_font_size=\u00a0\u00bb16px\u00a0\u00bb link_text_color=\u00a0\u00bb#e75e00&Prime; header_text_color=\u00a0\u00bb#d19200&Prime; header_font_size=\u00a0\u00bb52px\u00a0\u00bb header_letter_spacing=\u00a0\u00bb2px\u00a0\u00bb background_enable_color=\u00a0\u00bboff\u00a0\u00bb width_tablet=\u00a0\u00bb\u00a0\u00bb width_phone=\u00a0\u00bb85%\u00a0\u00bb width_last_edited=\u00a0\u00bbon|phone\u00a0\u00bb custom_margin=\u00a0\u00bb4%||||false|false\u00a0\u00bb custom_margin_tablet=\u00a0\u00bb4%||||false|false\u00a0\u00bb custom_margin_phone=\u00a0\u00bb4%||||false|false\u00a0\u00bb custom_margin_last_edited=\u00a0\u00bbon|desktop\u00a0\u00bb global_colors_info=\u00a0\u00bb{}\u00a0\u00bb]<\/p>\n<h1>Identit\u00e9s visuelles<\/h1>\n<p>[\/et_pb_text][\/et_pb_column][\/et_pb_row][et_pb_row _builder_version=\u00a0\u00bb4.27.4&Prime; _module_preset=\u00a0\u00bbdefault\u00a0\u00bb custom_margin=\u00a0\u00bb||40px||false|false\u00a0\u00bb custom_margin_tablet=\u00a0\u00bb\u00a0\u00bb custom_margin_phone=\u00a0\u00bb||180px||false|false\u00a0\u00bb custom_margin_last_edited=\u00a0\u00bbon|desktop\u00a0\u00bb locked=\u00a0\u00bboff\u00a0\u00bb global_colors_info=\u00a0\u00bb{}\u00a0\u00bb][et_pb_column type=\u00a0\u00bb4_4&Prime; _builder_version=\u00a0\u00bb4.27.4&Prime; _module_preset=\u00a0\u00bbdefault\u00a0\u00bb global_colors_info=\u00a0\u00bb{}\u00a0\u00bb][et_pb_gallery gallery_ids=\u00a0\u00bb1088,1101,1090,1091,1092,1093,1089,1095,1096&Prime; posts_number=\u00a0\u00bb24&Prime; zoom_icon_color=\u00a0\u00bb#00688a\u00a0\u00bb hover_icon=\u00a0\u00bb&#xe054;||divi||400&Prime; _builder_version=\u00a0\u00bb4.27.4&Prime; _module_preset=\u00a0\u00bbdefault\u00a0\u00bb title_font=\u00a0\u00bb|||on|||||\u00a0\u00bb title_text_align=\u00a0\u00bbcenter\u00a0\u00bb title_font_size=\u00a0\u00bb18px\u00a0\u00bb title_line_height=\u00a0\u00bb1.4em\u00a0\u00bb pagination_font_size=\u00a0\u00bb14px\u00a0\u00bb pagination_letter_spacing=\u00a0\u00bb1px\u00a0\u00bb background_color=\u00a0\u00bb#f7f7f7&Prime; custom_padding=\u00a0\u00bb30px|30px|30px|30px|true|true\u00a0\u00bb border_radii_image=\u00a0\u00bbon|2px|2px|2px|2px\u00a0\u00bb border_color_all_image=\u00a0\u00bb#828282&Prime; box_shadow_style_image=\u00a0\u00bbpreset3&Prime; box_shadow_color_image=\u00a0\u00bbrgba(0,0,0,0)\u00a0\u00bb box_shadow_color_image_last_edited=\u00a0\u00bboff|desktop\u00a0\u00bb global_colors_info=\u00a0\u00bb{}\u00a0\u00bb border_radii__hover_enabled=\u00a0\u00bboff|desktop\u00a0\u00bb box_shadow_color_image__hover_enabled=\u00a0\u00bbon|hover\u00a0\u00bb box_shadow_color_image__hover=\u00a0\u00bbrgba(0,0,0,0.3)\u00a0\u00bb][\/et_pb_gallery][et_pb_text _builder_version=\u00a0\u00bb4.27.4&Prime; _module_preset=\u00a0\u00bbdefault\u00a0\u00bb text_font=\u00a0\u00bbSacramento||||||||\u00a0\u00bb text_text_color=\u00a0\u00bb#d19200&Prime; text_font_size=\u00a0\u00bb28px\u00a0\u00bb text_orientation=\u00a0\u00bbright\u00a0\u00bb width_tablet=\u00a0\u00bb70%\u00a0\u00bb width_phone=\u00a0\u00bb75%\u00a0\u00bb width_last_edited=\u00a0\u00bbon|tablet\u00a0\u00bb custom_margin=\u00a0\u00bb|4%|||false|false\u00a0\u00bb custom_margin_tablet=\u00a0\u00bb|0%|||false|false\u00a0\u00bb custom_margin_phone=\u00a0\u00bb|0%|||false|false\u00a0\u00bb custom_margin_last_edited=\u00a0\u00bbon|tablet\u00a0\u00bb text_font_size_tablet=\u00a0\u00bb\u00a0\u00bb text_font_size_phone=\u00a0\u00bb28px\u00a0\u00bb text_font_size_last_edited=\u00a0\u00bbon|tablet\u00a0\u00bb module_alignment_tablet=\u00a0\u00bbright\u00a0\u00bb module_alignment_phone=\u00a0\u00bbright\u00a0\u00bb module_alignment_last_edited=\u00a0\u00bbon|tablet\u00a0\u00bb global_colors_info=\u00a0\u00bb{}\u00a0\u00bb]<\/p>\n<p>Une \u00e9coute, un regard, un m\u00e9dium entre vous et votre communication<\/p>\n<p>[\/et_pb_text][\/et_pb_column][\/et_pb_row][\/et_pb_section]<\/p>\n","protected":false},"excerpt":{"rendered":"<p>Identit\u00e9s visuellesUne \u00e9coute, un regard, un m\u00e9dium entre vous et votre communication<\/p>\n","protected":false},"author":1,"featured_media":0,"parent":0,"menu_order":0,"comment_status":"closed","ping_status":"closed","template":"","meta":{"_et_pb_use_builder":"on","_et_pb_old_content":"<!-- wp:divi\/placeholder \/-->","_et_gb_content_width":"","footnotes":""},"class_list":["post-14","page","type-page","status-publish","hentry"],"yoast_head":"<!-- This site is optimized with the Yoast SEO plugin v27.4 - https:\/\/yoast.com\/product\/yoast-seo-wordpress\/ -->\n<title>Identit\u00e9s visuelles &#8211; Isabelle Royer | Graphiste \u00e0 Voiron<\/title>\n<meta name=\"description\" content=\"Isabelle Royer, graphiste \u00e0 Voiron pour vos besoins en identit\u00e9s visuelles, habillage produit, \u00e9dition papier ou autre.\" \/>\n<meta name=\"robots\" content=\"index, follow, max-snippet:-1, max-image-preview:large, max-video-preview:-1\" \/>\n<link rel=\"canonical\" href=\"https:\/\/www.isabelleroyer.fr\/index.php\/identites-visuelles\/\" \/>\n<meta property=\"og:locale\" content=\"fr_FR\" \/>\n<meta property=\"og:type\" content=\"article\" \/>\n<meta property=\"og:title\" content=\"Identit\u00e9s visuelles &#8211; Isabelle Royer | Graphiste \u00e0 Voiron\" \/>\n<meta property=\"og:description\" content=\"Isabelle Royer, graphiste \u00e0 Voiron pour vos besoins en identit\u00e9s visuelles, habillage produit, \u00e9dition papier ou autre.\" \/>\n<meta property=\"og:url\" content=\"https:\/\/www.isabelleroyer.fr\/index.php\/identites-visuelles\/\" \/>\n<meta property=\"og:site_name\" content=\"Isabelle Royer | Graphiste \u00e0 Voiron\" \/>\n<meta property=\"article:modified_time\" content=\"2025-11-25T12:40:23+00:00\" \/>\n<meta name=\"twitter:card\" content=\"summary_large_image\" \/>\n<meta name=\"twitter:label1\" content=\"Dur\u00e9e de lecture estim\u00e9e\" \/>\n\t<meta name=\"twitter:data1\" content=\"5 minutes\" \/>\n<script type=\"application\/ld+json\" class=\"yoast-schema-graph\">{\"@context\":\"https:\\\/\\\/schema.org\",\"@graph\":[{\"@type\":\"WebPage\",\"@id\":\"https:\\\/\\\/www.isabelleroyer.fr\\\/index.php\\\/identites-visuelles\\\/\",\"url\":\"https:\\\/\\\/www.isabelleroyer.fr\\\/index.php\\\/identites-visuelles\\\/\",\"name\":\"Identit\u00e9s visuelles &#8211; Isabelle Royer | Graphiste \u00e0 Voiron\",\"isPartOf\":{\"@id\":\"https:\\\/\\\/www.isabelleroyer.fr\\\/#website\"},\"datePublished\":\"2020-11-25T15:11:36+00:00\",\"dateModified\":\"2025-11-25T12:40:23+00:00\",\"description\":\"Isabelle Royer, graphiste \u00e0 Voiron pour vos besoins en identit\u00e9s visuelles, habillage produit, \u00e9dition papier ou autre.\",\"breadcrumb\":{\"@id\":\"https:\\\/\\\/www.isabelleroyer.fr\\\/index.php\\\/identites-visuelles\\\/#breadcrumb\"},\"inLanguage\":\"fr-FR\",\"potentialAction\":[{\"@type\":\"ReadAction\",\"target\":[\"https:\\\/\\\/www.isabelleroyer.fr\\\/index.php\\\/identites-visuelles\\\/\"]}]},{\"@type\":\"BreadcrumbList\",\"@id\":\"https:\\\/\\\/www.isabelleroyer.fr\\\/index.php\\\/identites-visuelles\\\/#breadcrumb\",\"itemListElement\":[{\"@type\":\"ListItem\",\"position\":1,\"name\":\"Accueil\",\"item\":\"https:\\\/\\\/www.isabelleroyer.fr\\\/\"},{\"@type\":\"ListItem\",\"position\":2,\"name\":\"Identit\u00e9s visuelles\"}]},{\"@type\":\"WebSite\",\"@id\":\"https:\\\/\\\/www.isabelleroyer.fr\\\/#website\",\"url\":\"https:\\\/\\\/www.isabelleroyer.fr\\\/\",\"name\":\"Isabelle Royer | Graphiste Voiron\",\"description\":\"Graphisme\",\"publisher\":{\"@id\":\"https:\\\/\\\/www.isabelleroyer.fr\\\/#\\\/schema\\\/person\\\/3cf07778e9dd40b28523369b291816e5\"},\"potentialAction\":[{\"@type\":\"SearchAction\",\"target\":{\"@type\":\"EntryPoint\",\"urlTemplate\":\"https:\\\/\\\/www.isabelleroyer.fr\\\/?s={search_term_string}\"},\"query-input\":{\"@type\":\"PropertyValueSpecification\",\"valueRequired\":true,\"valueName\":\"search_term_string\"}}],\"inLanguage\":\"fr-FR\"},{\"@type\":[\"Person\",\"Organization\"],\"@id\":\"https:\\\/\\\/www.isabelleroyer.fr\\\/#\\\/schema\\\/person\\\/3cf07778e9dd40b28523369b291816e5\",\"name\":\"Isabelle Royer\",\"image\":{\"@type\":\"ImageObject\",\"inLanguage\":\"fr-FR\",\"@id\":\"https:\\\/\\\/secure.gravatar.com\\\/avatar\\\/8fb60dad42cfacfbd4e7904723c65b7fb014f89db43af822999ec00bb560d23f?s=96&d=mm&r=g\",\"url\":\"https:\\\/\\\/secure.gravatar.com\\\/avatar\\\/8fb60dad42cfacfbd4e7904723c65b7fb014f89db43af822999ec00bb560d23f?s=96&d=mm&r=g\",\"contentUrl\":\"https:\\\/\\\/secure.gravatar.com\\\/avatar\\\/8fb60dad42cfacfbd4e7904723c65b7fb014f89db43af822999ec00bb560d23f?s=96&d=mm&r=g\",\"caption\":\"Isabelle Royer\"},\"logo\":{\"@id\":\"https:\\\/\\\/secure.gravatar.com\\\/avatar\\\/8fb60dad42cfacfbd4e7904723c65b7fb014f89db43af822999ec00bb560d23f?s=96&d=mm&r=g\"}}]}<\/script>\n<!-- \/ Yoast SEO plugin. -->","yoast_head_json":{"title":"Identit\u00e9s visuelles &#8211; Isabelle Royer | Graphiste \u00e0 Voiron","description":"Isabelle Royer, graphiste \u00e0 Voiron pour vos besoins en identit\u00e9s visuelles, habillage produit, \u00e9dition papier ou autre.","robots":{"index":"index","follow":"follow","max-snippet":"max-snippet:-1","max-image-preview":"max-image-preview:large","max-video-preview":"max-video-preview:-1"},"canonical":"https:\/\/www.isabelleroyer.fr\/index.php\/identites-visuelles\/","og_locale":"fr_FR","og_type":"article","og_title":"Identit\u00e9s visuelles &#8211; Isabelle Royer | Graphiste \u00e0 Voiron","og_description":"Isabelle Royer, graphiste \u00e0 Voiron pour vos besoins en identit\u00e9s visuelles, habillage produit, \u00e9dition papier ou autre.","og_url":"https:\/\/www.isabelleroyer.fr\/index.php\/identites-visuelles\/","og_site_name":"Isabelle Royer | Graphiste \u00e0 Voiron","article_modified_time":"2025-11-25T12:40:23+00:00","twitter_card":"summary_large_image","twitter_misc":{"Dur\u00e9e de lecture estim\u00e9e":"5 minutes"},"schema":{"@context":"https:\/\/schema.org","@graph":[{"@type":"WebPage","@id":"https:\/\/www.isabelleroyer.fr\/index.php\/identites-visuelles\/","url":"https:\/\/www.isabelleroyer.fr\/index.php\/identites-visuelles\/","name":"Identit\u00e9s visuelles &#8211; Isabelle Royer | Graphiste \u00e0 Voiron","isPartOf":{"@id":"https:\/\/www.isabelleroyer.fr\/#website"},"datePublished":"2020-11-25T15:11:36+00:00","dateModified":"2025-11-25T12:40:23+00:00","description":"Isabelle Royer, graphiste \u00e0 Voiron pour vos besoins en identit\u00e9s visuelles, habillage produit, \u00e9dition papier ou autre.","breadcrumb":{"@id":"https:\/\/www.isabelleroyer.fr\/index.php\/identites-visuelles\/#breadcrumb"},"inLanguage":"fr-FR","potentialAction":[{"@type":"ReadAction","target":["https:\/\/www.isabelleroyer.fr\/index.php\/identites-visuelles\/"]}]},{"@type":"BreadcrumbList","@id":"https:\/\/www.isabelleroyer.fr\/index.php\/identites-visuelles\/#breadcrumb","itemListElement":[{"@type":"ListItem","position":1,"name":"Accueil","item":"https:\/\/www.isabelleroyer.fr\/"},{"@type":"ListItem","position":2,"name":"Identit\u00e9s visuelles"}]},{"@type":"WebSite","@id":"https:\/\/www.isabelleroyer.fr\/#website","url":"https:\/\/www.isabelleroyer.fr\/","name":"Isabelle Royer | Graphiste Voiron","description":"Graphisme","publisher":{"@id":"https:\/\/www.isabelleroyer.fr\/#\/schema\/person\/3cf07778e9dd40b28523369b291816e5"},"potentialAction":[{"@type":"SearchAction","target":{"@type":"EntryPoint","urlTemplate":"https:\/\/www.isabelleroyer.fr\/?s={search_term_string}"},"query-input":{"@type":"PropertyValueSpecification","valueRequired":true,"valueName":"search_term_string"}}],"inLanguage":"fr-FR"},{"@type":["Person","Organization"],"@id":"https:\/\/www.isabelleroyer.fr\/#\/schema\/person\/3cf07778e9dd40b28523369b291816e5","name":"Isabelle Royer","image":{"@type":"ImageObject","inLanguage":"fr-FR","@id":"https:\/\/secure.gravatar.com\/avatar\/8fb60dad42cfacfbd4e7904723c65b7fb014f89db43af822999ec00bb560d23f?s=96&d=mm&r=g","url":"https:\/\/secure.gravatar.com\/avatar\/8fb60dad42cfacfbd4e7904723c65b7fb014f89db43af822999ec00bb560d23f?s=96&d=mm&r=g","contentUrl":"https:\/\/secure.gravatar.com\/avatar\/8fb60dad42cfacfbd4e7904723c65b7fb014f89db43af822999ec00bb560d23f?s=96&d=mm&r=g","caption":"Isabelle Royer"},"logo":{"@id":"https:\/\/secure.gravatar.com\/avatar\/8fb60dad42cfacfbd4e7904723c65b7fb014f89db43af822999ec00bb560d23f?s=96&d=mm&r=g"}}]}},"_links":{"self":[{"href":"https:\/\/www.isabelleroyer.fr\/index.php\/wp-json\/wp\/v2\/pages\/14","targetHints":{"allow":["GET"]}}],"collection":[{"href":"https:\/\/www.isabelleroyer.fr\/index.php\/wp-json\/wp\/v2\/pages"}],"about":[{"href":"https:\/\/www.isabelleroyer.fr\/index.php\/wp-json\/wp\/v2\/types\/page"}],"author":[{"embeddable":true,"href":"https:\/\/www.isabelleroyer.fr\/index.php\/wp-json\/wp\/v2\/users\/1"}],"replies":[{"embeddable":true,"href":"https:\/\/www.isabelleroyer.fr\/index.php\/wp-json\/wp\/v2\/comments?post=14"}],"version-history":[{"count":67,"href":"https:\/\/www.isabelleroyer.fr\/index.php\/wp-json\/wp\/v2\/pages\/14\/revisions"}],"predecessor-version":[{"id":1158,"href":"https:\/\/www.isabelleroyer.fr\/index.php\/wp-json\/wp\/v2\/pages\/14\/revisions\/1158"}],"wp:attachment":[{"href":"https:\/\/www.isabelleroyer.fr\/index.php\/wp-json\/wp\/v2\/media?parent=14"}],"curies":[{"name":"wp","href":"https:\/\/api.w.org\/{rel}","templated":true}]}}